{"id":2,"date":"2018-12-03T09:41:15","date_gmt":"2018-12-03T08:41:15","guid":{"rendered":"https:\/\/www.buddhapur.de\/?page_id=2"},"modified":"2025-11-10T19:51:21","modified_gmt":"2025-11-10T18:51:21","slug":"impressum","status":"publish","type":"page","link":"https:\/\/www.buddhapur.de\/magazin\/impressum\/","title":{"rendered":"Impressum"},"content":{"rendered":"<h2>Angaben gem\u00e4\u00df \u00a7 5 TMG<\/h2>\n<p><strong><span style=\"font-size: 16px;\">Impressum<\/span><\/strong><\/p>\n<p><strong>www.buddhapur.de<\/strong><\/p>\n<p>Billy Held<\/p>\n<p>Breitensteinstr. 31<br \/>\n85567 Grafing<br \/>\nDeutschland<\/p>\n<p>Telefon: 0049-08092-336422<\/p>\n<p>Fax: 0049-08092-336423<\/p>\n<p>Mail: mail@buddhapur.de<\/p>\n<p>Umsatzsteuer-Identifikationsnummer(n): DE175434835, CZ683932523; ESY4803025-H; FR42820827590; GB243237622; IT00183039999; PL5263167332;<\/p>\n<p>Verantwortlich gem\u00e4\u00df \u00a7 18 MStV:<br \/>\nBilly Held<br \/>\nBreitensteinstr. 31<br \/>\n85567 Grafing<\/p>\n<p>Zur Teilnahme an einem Streitbeilegungsverfahren vor einer Verbraucherschlichtungsstelle sind wir nicht verpflichtet und nicht bereit.<\/p>\n<p>Zust\u00e4ndige Beh\u00f6rde f\u00fcr audiovisuelle Mediendienste:<\/p>\n<p>Bayerische Landeszentrale f\u00fcr neue Medien (BLM)<br \/>\nHeinrich-L\u00fcbke-Stra\u00dfe 27<br \/>\n81737 M\u00fcnchen<br \/>\nDeutschland<\/p>\n<h3>Haftung f\u00fcr Inhalte<\/h3>\n<p>Als Diensteanbieter sind wir gem\u00e4\u00df \u00a7 7 Abs.1 TMG f\u00fcr eigene Inhalte auf diesen Seiten nach den allgemeinen Gesetzen verantwortlich. Nach \u00a7\u00a7 8 bis 10 TMG sind wir als Diensteanbieter jedoch nicht verpflichtet, \u00fcbermittelte oder gespeicherte fremde Informationen zu \u00fcberwachen oder nach Umst\u00e4nden zu forschen, die auf eine rechtswidrige T\u00e4tigkeit hinweisen.<\/p>\n<p>Verpflichtungen zur Entfernung oder Sperrung der Nutzung von Informationen nach den allgemeinen Gesetzen bleiben hiervon unber\u00fchrt. Eine diesbez\u00fcgliche Haftung ist jedoch erst ab dem Zeitpunkt der Kenntnis einer konkreten Rechtsverletzung m\u00f6glich. Bei Bekanntwerden von entsprechenden Rechtsverletzungen werden wir diese Inhalte umgehend entfernen.<\/p>\n<h3>Haftung f\u00fcr Links<\/h3>\n<p>Unser Angebot enth\u00e4lt Links zu externen Websites Dritter, auf deren Inhalte wir keinen Einfluss haben. Deshalb k\u00f6nnen wir f\u00fcr diese fremden Inhalte auch keine Gew\u00e4hr \u00fcbernehmen. F\u00fcr die Inhalte der verlinkten Seiten ist stets der jeweilige Anbieter oder Betreiber der Seiten verantwortlich. Die verlinkten Seiten wurden zum Zeitpunkt der Verlinkung auf m\u00f6gliche Rechtsverst\u00f6\u00dfe \u00fcberpr\u00fcft. Rechtswidrige Inhalte waren zum Zeitpunkt der Verlinkung nicht erkennbar.<\/p>\n<p>Eine permanente inhaltliche Kontrolle der verlinkten Seiten ist jedoch ohne konkrete Anhaltspunkte einer Rechtsverletzung nicht zumutbar. Bei Bekanntwerden von Rechtsverletzungen werden wir derartige Links umgehend entfernen.<\/p>\n<h3>Urheberrecht<\/h3>\n<p>Die durch die Seitenbetreiber erstellten Inhalte und Werke auf diesen Seiten unterliegen dem deutschen Urheberrecht. Die Vervielf\u00e4ltigung, Bearbeitung, Verbreitung und jede Art der Verwertung au\u00dferhalb der Grenzen des Urheberrechtes bed\u00fcrfen der schriftlichen Zustimmung des jeweiligen Autors bzw. Erstellers. Downloads und Kopien dieser Seite sind nur f\u00fcr den privaten, nicht kommerziellen Gebrauch gestattet.<\/p>\n<p>Soweit die Inhalte auf dieser Seite nicht vom Betreiber erstellt wurden, werden die Urheberrechte Dritter beachtet. Insbesondere werden Inhalte Dritter als solche gekennzeichnet. Sollten Sie trotzdem auf eine Urheberrechtsverletzung aufmerksam werden, bitten wir um einen entsprechenden Hinweis. Bei Bekanntwerden von Rechtsverletzungen werden wir derartige Inhalte umgehend entfernen.<\/p>\n","protected":false},"excerpt":{"rendered":"<p>Angaben gem\u00e4\u00df \u00a7 5 TMG Impressum www.buddhapur.de Billy Held Breitensteinstr. 31 85567 Grafing Deutschland Telefon: 0049-08092-336422 Fax: 0049-08092-336423 Mail: mail@buddhapur.de Umsatzsteuer-Identifikationsnummer(n): DE175434835, CZ683932523; ESY4803025-H; FR42820827590; GB243237622; IT00183039999; PL5263167332; Verantwortlich gem\u00e4\u00df \u00a7 18 MStV: Billy Held Breitensteinstr. 31 85567 Grafing Zur Teilnahme an einem Streitbeilegungsverfahren vor einer Verbraucherschlichtungsstelle sind wir nicht verpflichtet und nicht bereit. Zust\u00e4ndige Beh\u00f6rde f\u00fcr audiovisuelle Mediendienste: Bayerische Landeszentrale f\u00fcr neue Medien (BLM) Heinrich-L\u00fcbke-Stra\u00dfe 27 81737 M\u00fcnchen Deutschland Haftung f\u00fcr Inhalte Als Diensteanbieter sind wir gem\u00e4\u00df \u00a7 7 Abs.1 TMG f\u00fcr eigene Inhalte auf diesen Seiten nach den allgemeinen Gesetzen verantwortlich. Nach \u00a7\u00a7 8 bis 10 TMG sind wir als Diensteanbieter jedoch nicht verpflichtet, \u00fcbermittelte oder gespeicherte fremde Informationen zu \u00fcberwachen oder nach Umst\u00e4nden zu forschen, die auf eine rechtswidrige T\u00e4tigkeit hinweisen. Verpflichtungen zur Entfernung oder Sperrung der Nutzung von Informationen nach den allgemeinen Gesetzen bleiben hiervon unber\u00fchrt. Eine diesbez\u00fcgliche Haftung ist jedoch erst ab dem Zeitpunkt der Kenntnis einer konkreten Rechtsverletzung m\u00f6glich. Bei Bekanntwerden von entsprechenden Rechtsverletzungen werden wir diese Inhalte umgehend entfernen. Haftung f\u00fcr Links Unser Angebot enth\u00e4lt Links zu externen Websites Dritter, auf deren Inhalte wir keinen Einfluss haben. Deshalb k\u00f6nnen wir f\u00fcr diese fremden Inhalte auch keine Gew\u00e4hr \u00fcbernehmen. F\u00fcr die Inhalte der verlinkten Seiten ist stets der jeweilige Anbieter oder Betreiber der Seiten verantwortlich. Die verlinkten Seiten wurden zum Zeitpunkt der Verlinkung auf m\u00f6gliche Rechtsverst\u00f6\u00dfe \u00fcberpr\u00fcft. Rechtswidrige Inhalte waren zum Zeitpunkt der Verlinkung nicht erkennbar. Eine permanente inhaltliche Kontrolle der verlinkten Seiten ist jedoch ohne konkrete Anhaltspunkte einer Rechtsverletzung nicht zumutbar. Bei Bekanntwerden von Rechtsverletzungen werden wir derartige Links umgehend entfernen. Urheberrecht Die durch die Seitenbetreiber erstellten Inhalte und Werke auf diesen Seiten unterliegen dem deutschen Urheberrecht. Die Vervielf\u00e4ltigung, Bearbeitung, Verbreitung und jede Art der Verwertung au\u00dferhalb der Grenzen des Urheberrechtes bed\u00fcrfen der schriftlichen Zustimmung des jeweiligen Autors bzw. Erstellers. Downloads und Kopien dieser Seite sind nur f\u00fcr den privaten, nicht kommerziellen Gebrauch gestattet. Soweit die Inhalte auf dieser Seite nicht vom Betreiber erstellt wurden, werden die Urheberrechte Dritter beachtet. Insbesondere werden Inhalte Dritter als solche gekennzeichnet. Sollten Sie trotzdem auf eine Urheberrechtsverletzung aufmerksam werden, bitten wir um einen entsprechenden Hinweis. Bei Bekanntwerden von Rechtsverletzungen werden wir derartige Inhalte umgehend entfernen.<\/p>\n","protected":false},"author":1,"featured_media":0,"parent":0,"menu_order":0,"comment_status":"closed","ping_status":"open","template":"","meta":{"ngg_post_thumbnail":0,"footnotes":""},"class_list":["post-2","page","type-page","status-publish","hentry"],"yoast_head":"<!-- This site is optimized with the Yoast SEO Premium plugin v23.8 (Yoast SEO v27.5) - https:\/\/yoast.com\/product\/yoast-seo-premium-wordpress\/ -->\n<title>Impressum - Buddhapur Magazin<\/title>\n<meta name=\"description\" content=\"Impressum von Buddhapur Magazin | Neuigkeiten und Wissenswertes rund um den Buddhismus.\" \/>\n<meta name=\"robots\" content=\"index, follow, max-snippet:-1, max-image-preview:large, max-video-preview:-1\" \/>\n<link rel=\"canonical\" href=\"https:\/\/www.buddhapur.de\/magazin\/impressum\/\" \/>\n<meta property=\"og:locale\" content=\"de_DE\" \/>\n<meta property=\"og:type\" content=\"article\" \/>\n<meta property=\"og:title\" content=\"Impressum\" \/>\n<meta property=\"og:description\" content=\"Impressum von Buddhapur Magazin | Neuigkeiten und Wissenswertes rund um den Buddhismus.\" \/>\n<meta property=\"og:url\" content=\"https:\/\/www.buddhapur.de\/magazin\/impressum\/\" \/>\n<meta property=\"og:site_name\" content=\"Buddhapur\" \/>\n<meta property=\"article:modified_time\" content=\"2025-11-10T18:51:21+00:00\" \/>\n<meta name=\"twitter:card\" content=\"summary_large_image\" \/>\n<meta name=\"twitter:site\" content=\"@buddhapur\" \/>\n<meta name=\"twitter:label1\" content=\"Gesch\u00e4tzte Lesezeit\" \/>\n\t<meta name=\"twitter:data1\" content=\"2\u00a0Minuten\" \/>\n<script type=\"application\/ld+json\" class=\"yoast-schema-graph\">{\"@context\":\"https:\\\/\\\/schema.org\",\"@graph\":[{\"@type\":\"WebPage\",\"@id\":\"https:\\\/\\\/www.buddhapur.de\\\/magazin\\\/impressum\\\/\",\"url\":\"https:\\\/\\\/www.buddhapur.de\\\/magazin\\\/impressum\\\/\",\"name\":\"Impressum - Buddhapur Magazin\",\"isPartOf\":{\"@id\":\"https:\\\/\\\/www.buddhapur.de\\\/magazin\\\/#website\"},\"datePublished\":\"2018-12-03T08:41:15+00:00\",\"dateModified\":\"2025-11-10T18:51:21+00:00\",\"description\":\"Impressum von Buddhapur Magazin | Neuigkeiten und Wissenswertes rund um den Buddhismus.\",\"breadcrumb\":{\"@id\":\"https:\\\/\\\/www.buddhapur.de\\\/magazin\\\/impressum\\\/#breadcrumb\"},\"inLanguage\":\"de\",\"potentialAction\":[{\"@type\":\"ReadAction\",\"target\":[\"https:\\\/\\\/www.buddhapur.de\\\/magazin\\\/impressum\\\/\"]}]},{\"@type\":\"BreadcrumbList\",\"@id\":\"https:\\\/\\\/www.buddhapur.de\\\/magazin\\\/impressum\\\/#breadcrumb\",\"itemListElement\":[{\"@type\":\"ListItem\",\"position\":1,\"name\":\"Startseite\",\"item\":\"https:\\\/\\\/www.buddhapur.de\\\/magazin\\\/\"},{\"@type\":\"ListItem\",\"position\":2,\"name\":\"Impressum\"}]},{\"@type\":\"WebSite\",\"@id\":\"https:\\\/\\\/www.buddhapur.de\\\/magazin\\\/#website\",\"url\":\"https:\\\/\\\/www.buddhapur.de\\\/magazin\\\/\",\"name\":\"Buddhapur\",\"description\":\"Neues und wissenswertes rund um den Buddhismus\",\"potentialAction\":[{\"@type\":\"SearchAction\",\"target\":{\"@type\":\"EntryPoint\",\"urlTemplate\":\"https:\\\/\\\/www.buddhapur.de\\\/magazin\\\/?s={search_term_string}\"},\"query-input\":{\"@type\":\"PropertyValueSpecification\",\"valueRequired\":true,\"valueName\":\"search_term_string\"}}],\"inLanguage\":\"de\"}]}<\/script>\n<!-- \/ Yoast SEO Premium plugin. -->","yoast_head_json":{"title":"Impressum - Buddhapur Magazin","description":"Impressum von Buddhapur Magazin | Neuigkeiten und Wissenswertes rund um den Buddhismus.","robots":{"index":"index","follow":"follow","max-snippet":"max-snippet:-1","max-image-preview":"max-image-preview:large","max-video-preview":"max-video-preview:-1"},"canonical":"https:\/\/www.buddhapur.de\/magazin\/impressum\/","og_locale":"de_DE","og_type":"article","og_title":"Impressum","og_description":"Impressum von Buddhapur Magazin | Neuigkeiten und Wissenswertes rund um den Buddhismus.","og_url":"https:\/\/www.buddhapur.de\/magazin\/impressum\/","og_site_name":"Buddhapur","article_modified_time":"2025-11-10T18:51:21+00:00","twitter_card":"summary_large_image","twitter_site":"@buddhapur","twitter_misc":{"Gesch\u00e4tzte Lesezeit":"2\u00a0Minuten"},"schema":{"@context":"https:\/\/schema.org","@graph":[{"@type":"WebPage","@id":"https:\/\/www.buddhapur.de\/magazin\/impressum\/","url":"https:\/\/www.buddhapur.de\/magazin\/impressum\/","name":"Impressum - Buddhapur Magazin","isPartOf":{"@id":"https:\/\/www.buddhapur.de\/magazin\/#website"},"datePublished":"2018-12-03T08:41:15+00:00","dateModified":"2025-11-10T18:51:21+00:00","description":"Impressum von Buddhapur Magazin | Neuigkeiten und Wissenswertes rund um den Buddhismus.","breadcrumb":{"@id":"https:\/\/www.buddhapur.de\/magazin\/impressum\/#breadcrumb"},"inLanguage":"de","potentialAction":[{"@type":"ReadAction","target":["https:\/\/www.buddhapur.de\/magazin\/impressum\/"]}]},{"@type":"BreadcrumbList","@id":"https:\/\/www.buddhapur.de\/magazin\/impressum\/#breadcrumb","itemListElement":[{"@type":"ListItem","position":1,"name":"Startseite","item":"https:\/\/www.buddhapur.de\/magazin\/"},{"@type":"ListItem","position":2,"name":"Impressum"}]},{"@type":"WebSite","@id":"https:\/\/www.buddhapur.de\/magazin\/#website","url":"https:\/\/www.buddhapur.de\/magazin\/","name":"Buddhapur","description":"Neues und wissenswertes rund um den Buddhismus","potentialAction":[{"@type":"SearchAction","target":{"@type":"EntryPoint","urlTemplate":"https:\/\/www.buddhapur.de\/magazin\/?s={search_term_string}"},"query-input":{"@type":"PropertyValueSpecification","valueRequired":true,"valueName":"search_term_string"}}],"inLanguage":"de"}]}},"acf":[],"_links":{"self":[{"href":"https:\/\/www.buddhapur.de\/magazin\/wp-json\/wp\/v2\/pages\/2","targetHints":{"allow":["GET"]}}],"collection":[{"href":"https:\/\/www.buddhapur.de\/magazin\/wp-json\/wp\/v2\/pages"}],"about":[{"href":"https:\/\/www.buddhapur.de\/magazin\/wp-json\/wp\/v2\/types\/page"}],"author":[{"embeddable":true,"href":"https:\/\/www.buddhapur.de\/magazin\/wp-json\/wp\/v2\/users\/1"}],"replies":[{"embeddable":true,"href":"https:\/\/www.buddhapur.de\/magazin\/wp-json\/wp\/v2\/comments?post=2"}],"version-history":[{"count":8,"href":"https:\/\/www.buddhapur.de\/magazin\/wp-json\/wp\/v2\/pages\/2\/revisions"}],"predecessor-version":[{"id":11382,"href":"https:\/\/www.buddhapur.de\/magazin\/wp-json\/wp\/v2\/pages\/2\/revisions\/11382"}],"wp:attachment":[{"href":"https:\/\/www.buddhapur.de\/magazin\/wp-json\/wp\/v2\/media?parent=2"}],"curies":[{"name":"wp","href":"https:\/\/api.w.org\/{rel}","templated":true}]}}