{"id":166,"date":"2018-12-18T10:13:18","date_gmt":"2018-12-18T09:13:18","guid":{"rendered":"https:\/\/www.buddhapur.de\/?page_id=166"},"modified":"2019-02-18T10:48:58","modified_gmt":"2019-02-18T09:48:58","slug":"wir-ueber-uns","status":"publish","type":"page","link":"https:\/\/www.buddhapur.de\/magazin\/wir-ueber-uns\/","title":{"rendered":"Wir \u00fcber uns &#8211; Familie Held stellt sich vor"},"content":{"rendered":"<p>Bergsteigen und Yoga sind unsere Antriebsfedern gewesen, die asiatische Welt kennenzulernen. Die Faszination f\u00fcr Indien, Tibet und Nepal f\u00fchrte uns zum Buddhismus. Seit 1984 Jahren reisen wir nach Asien und konnten ein umfangreiches <em>\u201esoziales Netzwerk\u201c<\/em> aufbauen. Seit 1996 bieten wir buddhistische Ritualgegenst\u00e4nde auch im Online-Handel an. Uns ist es ein Anliegen, dass der Besucher unserer Webseiten transparente Dokumentationen zum jeweiligen Thema einsehen kann und seinen eigenen Weg in der Welt des Buddhismus, Yoga und Meditation findet.<\/p>\n<p><strong>Billy<\/strong> (Fotograf) und <strong>Helga<\/strong> (Yoga-Lehrerin) sind die erste Generation des Unternehmens. Wir reisten oft mit unseren drei Kindern nach Asien, sie fanden dort fr\u00fch Kontakt zu anderen Kindern und deren Sitten und Br\u00e4uche. Zwei unserer Kinder sind in das Unternehmen mit eingestiegen und f\u00fchren weiter was wir begonnen haben.<\/p>\n<figure id=\"attachment_1238\" aria-describedby=\"caption-attachment-1238\" style=\"width: 773px\" class=\"wp-caption aligncenter\"><img loading=\"lazy\" decoding=\"async\" src=\"https:\/\/www.buddhapur.de\/magazin\/wp-content\/uploads\/Yoga-Im-Garten-Familie-Held.jpg\" alt=\"Familie Held beim Yoga im Garten\" width=\"773\" height=\"580\" class=\"size-full wp-image-1238\" srcset=\"https:\/\/www.buddhapur.de\/magazin\/wp-content\/uploads\/Yoga-Im-Garten-Familie-Held.jpg 773w, https:\/\/www.buddhapur.de\/magazin\/wp-content\/uploads\/Yoga-Im-Garten-Familie-Held-300x225.jpg 300w, https:\/\/www.buddhapur.de\/magazin\/wp-content\/uploads\/Yoga-Im-Garten-Familie-Held-768x576.jpg 768w\" sizes=\"auto, (max-width: 773px) 100vw, 773px\" \/><figcaption id=\"caption-attachment-1238\" class=\"wp-caption-text\">Familie Held beim Yoga im Garten<\/figcaption><\/figure>\n","protected":false},"excerpt":{"rendered":"<p>Bergsteigen und Yoga sind unsere Antriebsfedern gewesen, die asiatische Welt kennenzulernen. Die Faszination f\u00fcr Indien, Tibet und Nepal f\u00fchrte uns zum Buddhismus. Seit 1984 Jahren reisen wir nach Asien und konnten ein umfangreiches \u201esoziales Netzwerk\u201c aufbauen. Seit 1996 bieten wir buddhistische Ritualgegenst\u00e4nde auch im Online-Handel an. Uns ist es ein Anliegen, dass der Besucher unserer Webseiten transparente Dokumentationen zum jeweiligen Thema einsehen kann und seinen eigenen Weg in der Welt des Buddhismus, Yoga und Meditation findet. Billy (Fotograf) und Helga (Yoga-Lehrerin) sind die erste Generation des Unternehmens. Wir reisten oft mit unseren drei Kindern nach Asien, sie fanden dort fr\u00fch Kontakt zu anderen Kindern und deren Sitten und Br\u00e4uche. Zwei unserer Kinder sind in das Unternehmen mit eingestiegen und f\u00fchren weiter was wir begonnen haben.<\/p>\n","protected":false},"author":2,"featured_media":1119,"parent":0,"menu_order":0,"comment_status":"closed","ping_status":"closed","template":"","meta":{"ngg_post_thumbnail":0,"footnotes":""},"class_list":["post-166","page","type-page","status-publish","has-post-thumbnail","hentry"],"yoast_head":"<!-- This site is optimized with the Yoast SEO Premium plugin v23.8 (Yoast SEO v27.5) - https:\/\/yoast.com\/product\/yoast-seo-premium-wordpress\/ -->\n<title>Wir \u00fcber uns - Familie Held stellt sich vor - Buddhapur<\/title>\n<meta name=\"description\" content=\"Buddhapur | Neuigkeiten und Wissenswertes rund um den Buddhismus | Erlebt mit uns die Welt des Buddhimus und die Fazination Himalaya.\" \/>\n<meta name=\"robots\" content=\"index, follow, max-snippet:-1, max-image-preview:large, max-video-preview:-1\" \/>\n<link rel=\"canonical\" href=\"https:\/\/www.buddhapur.de\/magazin\/wir-ueber-uns\/\" \/>\n<meta property=\"og:locale\" content=\"de_DE\" \/>\n<meta property=\"og:type\" content=\"article\" \/>\n<meta property=\"og:title\" content=\"Wir \u00fcber uns - Familie Held stellt sich vor\" \/>\n<meta property=\"og:description\" content=\"Buddhapur | Neuigkeiten und Wissenswertes rund um den Buddhismus | Erlebt mit uns die Welt des Buddhimus und die Fazination Himalaya.\" \/>\n<meta property=\"og:url\" content=\"https:\/\/www.buddhapur.de\/magazin\/wir-ueber-uns\/\" \/>\n<meta property=\"og:site_name\" content=\"Buddhapur\" \/>\n<meta property=\"article:modified_time\" content=\"2019-02-18T09:48:58+00:00\" \/>\n<meta property=\"og:image\" content=\"https:\/\/www.buddhapur.de\/magazin\/wp-content\/uploads\/Poon-Hill-Himalaya-Helga-Billy.jpg\" \/>\n\t<meta property=\"og:image:width\" content=\"773\" \/>\n\t<meta property=\"og:image:height\" content=\"516\" \/>\n\t<meta property=\"og:image:type\" content=\"image\/jpeg\" \/>\n<meta name=\"twitter:card\" content=\"summary_large_image\" \/>\n<meta name=\"twitter:site\" content=\"@buddhapur\" \/>\n<meta name=\"twitter:label1\" content=\"Gesch\u00e4tzte Lesezeit\" \/>\n\t<meta name=\"twitter:data1\" content=\"1\u00a0Minute\" \/>\n<script type=\"application\/ld+json\" class=\"yoast-schema-graph\">{\"@context\":\"https:\\\/\\\/schema.org\",\"@graph\":[{\"@type\":\"WebPage\",\"@id\":\"https:\\\/\\\/www.buddhapur.de\\\/magazin\\\/wir-ueber-uns\\\/\",\"url\":\"https:\\\/\\\/www.buddhapur.de\\\/magazin\\\/wir-ueber-uns\\\/\",\"name\":\"Wir \u00fcber uns - Familie Held stellt sich vor - Buddhapur\",\"isPartOf\":{\"@id\":\"https:\\\/\\\/www.buddhapur.de\\\/magazin\\\/#website\"},\"primaryImageOfPage\":{\"@id\":\"https:\\\/\\\/www.buddhapur.de\\\/magazin\\\/wir-ueber-uns\\\/#primaryimage\"},\"image\":{\"@id\":\"https:\\\/\\\/www.buddhapur.de\\\/magazin\\\/wir-ueber-uns\\\/#primaryimage\"},\"thumbnailUrl\":\"https:\\\/\\\/www.buddhapur.de\\\/magazin\\\/wp-content\\\/uploads\\\/Poon-Hill-Himalaya-Helga-Billy.jpg\",\"datePublished\":\"2018-12-18T09:13:18+00:00\",\"dateModified\":\"2019-02-18T09:48:58+00:00\",\"description\":\"Buddhapur | Neuigkeiten und Wissenswertes rund um den Buddhismus | Erlebt mit uns die Welt des Buddhimus und die Fazination Himalaya.\",\"breadcrumb\":{\"@id\":\"https:\\\/\\\/www.buddhapur.de\\\/magazin\\\/wir-ueber-uns\\\/#breadcrumb\"},\"inLanguage\":\"de\",\"potentialAction\":[{\"@type\":\"ReadAction\",\"target\":[\"https:\\\/\\\/www.buddhapur.de\\\/magazin\\\/wir-ueber-uns\\\/\"]}]},{\"@type\":\"ImageObject\",\"inLanguage\":\"de\",\"@id\":\"https:\\\/\\\/www.buddhapur.de\\\/magazin\\\/wir-ueber-uns\\\/#primaryimage\",\"url\":\"https:\\\/\\\/www.buddhapur.de\\\/magazin\\\/wp-content\\\/uploads\\\/Poon-Hill-Himalaya-Helga-Billy.jpg\",\"contentUrl\":\"https:\\\/\\\/www.buddhapur.de\\\/magazin\\\/wp-content\\\/uploads\\\/Poon-Hill-Himalaya-Helga-Billy.jpg\",\"width\":773,\"height\":516,\"caption\":\"Poon Hill Himalaya, Nepal mit Helga und Billy\"},{\"@type\":\"BreadcrumbList\",\"@id\":\"https:\\\/\\\/www.buddhapur.de\\\/magazin\\\/wir-ueber-uns\\\/#breadcrumb\",\"itemListElement\":[{\"@type\":\"ListItem\",\"position\":1,\"name\":\"Startseite\",\"item\":\"https:\\\/\\\/www.buddhapur.de\\\/magazin\\\/\"},{\"@type\":\"ListItem\",\"position\":2,\"name\":\"Wir \u00fcber uns &#8211; Familie Held stellt sich vor\"}]},{\"@type\":\"WebSite\",\"@id\":\"https:\\\/\\\/www.buddhapur.de\\\/magazin\\\/#website\",\"url\":\"https:\\\/\\\/www.buddhapur.de\\\/magazin\\\/\",\"name\":\"Buddhapur\",\"description\":\"Neues und wissenswertes rund um den Buddhismus\",\"potentialAction\":[{\"@type\":\"SearchAction\",\"target\":{\"@type\":\"EntryPoint\",\"urlTemplate\":\"https:\\\/\\\/www.buddhapur.de\\\/magazin\\\/?s={search_term_string}\"},\"query-input\":{\"@type\":\"PropertyValueSpecification\",\"valueRequired\":true,\"valueName\":\"search_term_string\"}}],\"inLanguage\":\"de\"}]}<\/script>\n<!-- \/ Yoast SEO Premium plugin. -->","yoast_head_json":{"title":"Wir \u00fcber uns - Familie Held stellt sich vor - Buddhapur","description":"Buddhapur | Neuigkeiten und Wissenswertes rund um den Buddhismus | Erlebt mit uns die Welt des Buddhimus und die Fazination Himalaya.","robots":{"index":"index","follow":"follow","max-snippet":"max-snippet:-1","max-image-preview":"max-image-preview:large","max-video-preview":"max-video-preview:-1"},"canonical":"https:\/\/www.buddhapur.de\/magazin\/wir-ueber-uns\/","og_locale":"de_DE","og_type":"article","og_title":"Wir \u00fcber uns - Familie Held stellt sich vor","og_description":"Buddhapur | Neuigkeiten und Wissenswertes rund um den Buddhismus | Erlebt mit uns die Welt des Buddhimus und die Fazination Himalaya.","og_url":"https:\/\/www.buddhapur.de\/magazin\/wir-ueber-uns\/","og_site_name":"Buddhapur","article_modified_time":"2019-02-18T09:48:58+00:00","og_image":[{"width":773,"height":516,"url":"https:\/\/www.buddhapur.de\/magazin\/wp-content\/uploads\/Poon-Hill-Himalaya-Helga-Billy.jpg","type":"image\/jpeg"}],"twitter_card":"summary_large_image","twitter_site":"@buddhapur","twitter_misc":{"Gesch\u00e4tzte Lesezeit":"1\u00a0Minute"},"schema":{"@context":"https:\/\/schema.org","@graph":[{"@type":"WebPage","@id":"https:\/\/www.buddhapur.de\/magazin\/wir-ueber-uns\/","url":"https:\/\/www.buddhapur.de\/magazin\/wir-ueber-uns\/","name":"Wir \u00fcber uns - Familie Held stellt sich vor - Buddhapur","isPartOf":{"@id":"https:\/\/www.buddhapur.de\/magazin\/#website"},"primaryImageOfPage":{"@id":"https:\/\/www.buddhapur.de\/magazin\/wir-ueber-uns\/#primaryimage"},"image":{"@id":"https:\/\/www.buddhapur.de\/magazin\/wir-ueber-uns\/#primaryimage"},"thumbnailUrl":"https:\/\/www.buddhapur.de\/magazin\/wp-content\/uploads\/Poon-Hill-Himalaya-Helga-Billy.jpg","datePublished":"2018-12-18T09:13:18+00:00","dateModified":"2019-02-18T09:48:58+00:00","description":"Buddhapur | Neuigkeiten und Wissenswertes rund um den Buddhismus | Erlebt mit uns die Welt des Buddhimus und die Fazination Himalaya.","breadcrumb":{"@id":"https:\/\/www.buddhapur.de\/magazin\/wir-ueber-uns\/#breadcrumb"},"inLanguage":"de","potentialAction":[{"@type":"ReadAction","target":["https:\/\/www.buddhapur.de\/magazin\/wir-ueber-uns\/"]}]},{"@type":"ImageObject","inLanguage":"de","@id":"https:\/\/www.buddhapur.de\/magazin\/wir-ueber-uns\/#primaryimage","url":"https:\/\/www.buddhapur.de\/magazin\/wp-content\/uploads\/Poon-Hill-Himalaya-Helga-Billy.jpg","contentUrl":"https:\/\/www.buddhapur.de\/magazin\/wp-content\/uploads\/Poon-Hill-Himalaya-Helga-Billy.jpg","width":773,"height":516,"caption":"Poon Hill Himalaya, Nepal mit Helga und Billy"},{"@type":"BreadcrumbList","@id":"https:\/\/www.buddhapur.de\/magazin\/wir-ueber-uns\/#breadcrumb","itemListElement":[{"@type":"ListItem","position":1,"name":"Startseite","item":"https:\/\/www.buddhapur.de\/magazin\/"},{"@type":"ListItem","position":2,"name":"Wir \u00fcber uns &#8211; Familie Held stellt sich vor"}]},{"@type":"WebSite","@id":"https:\/\/www.buddhapur.de\/magazin\/#website","url":"https:\/\/www.buddhapur.de\/magazin\/","name":"Buddhapur","description":"Neues und wissenswertes rund um den Buddhismus","potentialAction":[{"@type":"SearchAction","target":{"@type":"EntryPoint","urlTemplate":"https:\/\/www.buddhapur.de\/magazin\/?s={search_term_string}"},"query-input":{"@type":"PropertyValueSpecification","valueRequired":true,"valueName":"search_term_string"}}],"inLanguage":"de"}]}},"acf":[],"_links":{"self":[{"href":"https:\/\/www.buddhapur.de\/magazin\/wp-json\/wp\/v2\/pages\/166","targetHints":{"allow":["GET"]}}],"collection":[{"href":"https:\/\/www.buddhapur.de\/magazin\/wp-json\/wp\/v2\/pages"}],"about":[{"href":"https:\/\/www.buddhapur.de\/magazin\/wp-json\/wp\/v2\/types\/page"}],"author":[{"embeddable":true,"href":"https:\/\/www.buddhapur.de\/magazin\/wp-json\/wp\/v2\/users\/2"}],"replies":[{"embeddable":true,"href":"https:\/\/www.buddhapur.de\/magazin\/wp-json\/wp\/v2\/comments?post=166"}],"version-history":[{"count":9,"href":"https:\/\/www.buddhapur.de\/magazin\/wp-json\/wp\/v2\/pages\/166\/revisions"}],"predecessor-version":[{"id":1240,"href":"https:\/\/www.buddhapur.de\/magazin\/wp-json\/wp\/v2\/pages\/166\/revisions\/1240"}],"wp:featuredmedia":[{"embeddable":true,"href":"https:\/\/www.buddhapur.de\/magazin\/wp-json\/wp\/v2\/media\/1119"}],"wp:attachment":[{"href":"https:\/\/www.buddhapur.de\/magazin\/wp-json\/wp\/v2\/media?parent=166"}],"curies":[{"name":"wp","href":"https:\/\/api.w.org\/{rel}","templated":true}]}}